{"id":70515,"date":"2016-03-15T13:55:45","date_gmt":"2016-03-15T13:55:45","guid":{"rendered":"http:\/\/fintech.commercegurus.com\/?page_id=70515"},"modified":"2021-11-30T11:47:23","modified_gmt":"2021-11-30T10:47:23","slug":"nachhaltig-als-strategischer-imperativ","status":"publish","type":"page","link":"https:\/\/valegra.de\/de\/leistungen\/nachhaltig-als-strategischer-imperativ\/","title":{"rendered":"Nachhaltig als strategischer Imperativ"},"content":{"rendered":"<div class=\"wpb-content-wrapper\"><p>[vc_row type=&#8221;container&#8221; padding_top=&#8221;&#8221; padding_bottom=&#8221;&#8221;][vc_column][vc_custom_heading text=&#8221;Nachhaltig als strategischer Imperativ&#8221; use_theme_fonts=&#8221;yes&#8221;][vc_column_text]<\/p>\n<h5>Innovation &amp; Wandel gestalten \u2013 Circular Economy &#8211; Business Transformation \u2013 Beitrag zur Nachhaltigkeit schaffen &#8211; Corporate Social Responsibility (CSR) Management<\/h5>\n<p>[\/vc_column_text][\/vc_column][\/vc_row][vc_row type=&#8221;container&#8221;][vc_column][vc_column_text]Die Strategie eines Unternehmens ist die Basis f\u00fcr eine erfolgreiche Zukunftsausrichtung. Einen Beitrag zur Nachhaltigkeit zu leisten war f\u00fcr Unternehmen noch nie wichtiger als heute. Globale Nachhaltigkeitsziele, Circular Economy, digitale Transformation, die Auswirkungen des Klimawandels, Umweltschutz, globale Lieferketten verbunden mit innovativen Gesch\u00e4ftsideen erfordern von Unternehmern Weitblick, aber auch konkrete Ma\u00dfnahmen und die \u00dcbernahme von Verantwortung f\u00fcr die Welt von morgen.[\/vc_column_text][\/vc_column][\/vc_row][vc_row type=&#8221;container&#8221;][vc_column][vc_column_text]Wir sind Experten in den Bereichen Strategieentwicklung, Business Transformation und der Erarbeitung innovativer, nachhaltiger Gesch\u00e4ftsmodelle.[\/vc_column_text][\/vc_column][\/vc_row][vc_row type=&#8221;container&#8221;][vc_column][vc_column_text]Die Strategie ist der Blick von heute auf zuk\u00fcnftige M\u00e4rkte, Entwicklungen und Erfolge. Die Strategie eines Unternehmens sollte kontinuierlich \u00fcberpr\u00fcft werden. Die Zeit zum Handeln ist gr\u00f6\u00dfer denn je![\/vc_column_text][\/vc_column][\/vc_row][vc_row type=&#8221;container&#8221;][vc_column][vc_column_text]Strategie bedeutet, die richtigen Weichenstellungen f\u00fcr Ihr Unternehmen zu treffen. Erfolgreiche Unternehmen sp\u00fcren neue Chancen am Markt auf und finden Wege f\u00fcr eine nachhaltige Transformation ihrer Gesch\u00e4ftsmodelle, setzen auf Nachhaltigkeit und \u00fcberpr\u00fcfen kontinuierlich ihre Gesch\u00e4ftsprozesse. Die Gestaltung und Sicherstellung einer integrierten Strategieentwicklung, verbunden mit einer kontinuierlichen Begleitung der Strategieumsetzung, er\u00f6ffnet f\u00fcr viele Unternehmen bisher nicht genutzte Chancen, die nicht auf die lange Bank geschoben werden sollten.[\/vc_column_text][\/vc_column][\/vc_row][vc_row type=&#8221;container&#8221;][vc_column][vc_column_text]Wir unterst\u00fctzen den Unternehmer und sein F\u00fchrungsteam im Rahmen der Strategieentwicklung, im Kontext zwischen Markt- und Wettbewerbsentwicklung, dem Produktportfolio und der Kundenstruktur.[\/vc_column_text][\/vc_column][\/vc_row][vc_row type=&#8221;container&#8221;][vc_column][vc_column_text]Ein Unternehmenssteuerungskonzept bildet die Grundlage f\u00fcr das strategische und operative Handeln Ihres Unternehmens. Es zielt auf die erforderliche Transparenz aller wesentlichen Unternehmenskennzahlen ab. Im Zuge der Strategieumsetzung unterst\u00fctzen wir Sie auch bei der Erstellung eines ganzheitlichen, ma\u00dfgeschneiderten und durchg\u00e4ngigen Konzeptes zur Implementierung ihrer strategischen Ziele mit einem entsprechenden Ma\u00dfnahmen-Controlling. So schaffen wir mit Ihnen gemeinsam die erforderliche Zielorientierung und Transparenz f\u00fcr Ihre unternehmerischen Entscheidungen.[\/vc_column_text][\/vc_column][\/vc_row][vc_row type=&#8221;container&#8221;][vc_column][vc_column_text]\u201eCash is King!\u201c Dieser Leitspruch bildet immer noch die Grundlage f\u00fcr eine erfolgreiche und langfristige Entwicklung ihres Unternehmens. Wir schaffen Transparenz und unterst\u00fctzen Unternehmer bei der Finanzierung ihrer Gesch\u00e4ftsentwicklung. Die notwendige Transparenz von betriebswirtschaftlichen und finanzwirtschaftlichen Kennzahlen erfordert ein qualifiziertes und empf\u00e4ngerorientiertes Berichtswesen. Um in \u201est\u00fcrmischer See\u201c stets richtig navigieren zu k\u00f6nnen, bieten wir Ihnen ma\u00dfgeschneiderte L\u00f6sungen f\u00fcr Ihr Management Reporting, aber auch f\u00fcr die Berichterstattung, beispielsweise an Banken und Kreditgeber, an.[\/vc_column_text][\/vc_column][\/vc_row][vc_row type=&#8221;container&#8221;][vc_column][vc_separator color=&#8221;#eeeeee&#8221; type=&#8221;normal&#8221; thickness=&#8221;1&#8243; up=&#8221;20&#8243; down=&#8221;30&#8243;][\/vc_column][\/vc_row][vc_row type=&#8221;container&#8221;][vc_column][vc_custom_heading text=&#8221;Unsere Beratungsleistungen im Bereich Strategieentwicklung gliedern sich in folgende Themenfelder:&#8221; font_container=&#8221;tag:h5|text_align:left&#8221; use_theme_fonts=&#8221;yes&#8221;][\/vc_column][\/vc_row][vc_row type=&#8221;container&#8221;][vc_column][vc_column_text]<\/p>\n<ul>\n<li>Strategieentwicklung &amp; Strategieumsetzung<\/li>\n<li>Business Transformation &amp; Circular Economy<\/li>\n<li>Erarbeitung innovativer, nachhaltiger Gesch\u00e4ftsmodelle<\/li>\n<li>Ganzheitliche Unternehmenssteuerung &amp; strategisches Ma\u00dfnahmen Controlling<\/li>\n<li>Nachhaltigkeitscontrolling &amp; Green Reporting<\/li>\n<li>Cash Management &amp; Liquidit\u00e4tsverbesserung<\/li>\n<li>Berichtswesen f\u00fcr Management, Banken und Kreditgeber<\/li>\n<\/ul>\n<p><a href=\"https:\/\/valegra.de\/wp-content\/uploads\/Ganzheitliche_und_nachhaltige_Unternehmenssteuerung.pdf\" target=\"_blank\" rel=\"noopener\">Controllingkonzept | Ganzheitliche und nachhaltige Unternehmenssteuerung (PDF)<\/a>[\/vc_column_text][\/vc_column][\/vc_row]<\/p>\n<\/div>","protected":false},"excerpt":{"rendered":"<p>[vc_row type=&#8221;container&#8221; padding_top=&#8221;&#8221; padding_bottom=&#8221;&#8221;][vc_column][vc_custom_heading text=&#8221;Nachhaltig als strategischer Imperativ&#8221; use_theme_fonts=&#8221;yes&#8221;][vc_column_text] Innovation &amp; Wandel gestalten \u2013 Circular Economy &#8211; Business Transformation \u2013 Beitrag zur Nachhaltigkeit schaffen &#8211; Corporate Social Responsibility (CSR) Management [\/vc_column_text][\/vc_column][\/vc_row][vc_row type=&#8221;container&#8221;][vc_column][vc_column_text]Die Strategie eines Unternehmens ist die Basis f\u00fcr eine erfolgreiche Zukunftsausrichtung. Einen Beitrag zur Nachhaltigkeit zu leisten war f\u00fcr Unternehmen noch nie wichtiger als [&hellip;]<\/p>\n","protected":false},"author":1,"featured_media":72443,"parent":71545,"menu_order":15,"comment_status":"closed","ping_status":"closed","template":"","meta":{"_acf_changed":false,"footnotes":""},"class_list":["post-70515","page","type-page","status-publish","has-post-thumbnail","hentry"],"acf":[],"_links":{"self":[{"href":"https:\/\/valegra.de\/de\/wp-json\/wp\/v2\/pages\/70515","targetHints":{"allow":["GET"]}}],"collection":[{"href":"https:\/\/valegra.de\/de\/wp-json\/wp\/v2\/pages"}],"about":[{"href":"https:\/\/valegra.de\/de\/wp-json\/wp\/v2\/types\/page"}],"author":[{"embeddable":true,"href":"https:\/\/valegra.de\/de\/wp-json\/wp\/v2\/users\/1"}],"replies":[{"embeddable":true,"href":"https:\/\/valegra.de\/de\/wp-json\/wp\/v2\/comments?post=70515"}],"version-history":[{"count":49,"href":"https:\/\/valegra.de\/de\/wp-json\/wp\/v2\/pages\/70515\/revisions"}],"predecessor-version":[{"id":72696,"href":"https:\/\/valegra.de\/de\/wp-json\/wp\/v2\/pages\/70515\/revisions\/72696"}],"up":[{"embeddable":true,"href":"https:\/\/valegra.de\/de\/wp-json\/wp\/v2\/pages\/71545"}],"wp:featuredmedia":[{"embeddable":true,"href":"https:\/\/valegra.de\/de\/wp-json\/wp\/v2\/media\/72443"}],"wp:attachment":[{"href":"https:\/\/valegra.de\/de\/wp-json\/wp\/v2\/media?parent=70515"}],"curies":[{"name":"wp","href":"https:\/\/api.w.org\/{rel}","templated":true}]}}