{"id":70522,"date":"2016-03-15T13:59:22","date_gmt":"2016-03-15T13:59:22","guid":{"rendered":"http:\/\/fintech.commercegurus.com\/?page_id=70522"},"modified":"2023-03-07T11:42:12","modified_gmt":"2023-03-07T10:42:12","slug":"nachfolgeregelung-strategische-ma-projekte","status":"publish","type":"page","link":"https:\/\/valegra.de\/de\/leistungen\/nachfolgeregelung-strategische-ma-projekte\/","title":{"rendered":"Nachfolge &#038; Strategische M&#038;A-Projekte"},"content":{"rendered":"<div class=\"wpb-content-wrapper\"><p>[vc_row type=&#8221;container&#8221; padding_top=&#8221;&#8221; padding_bottom=&#8221;&#8221;][vc_column][vc_custom_heading text=&#8221;Nachfolge &amp; Strategische M&amp;A-Projekte&#8221; use_theme_fonts=&#8221;yes&#8221;][vc_column_text]<\/p>\n<h5>Generationenwechsel im Familienunternehmen &#8211; Unternehmerische Herausforderung &#8211; Vertrauen in Professionalit\u00e4t \u2013 Markterschlie\u00dfung f\u00fcr Unternehmen<\/h5>\n<p>[\/vc_column_text][\/vc_column][\/vc_row][vc_row type=&#8221;container&#8221; padding_top=&#8221;&#8221; padding_bottom=&#8221;&#8221;][vc_column][vc_column_text]<\/p>\n<p style=\"text-align: justify;\">Die Regelung der\u00a0Unternehmensnachfolge\u00a0ist eine einmalige Herausforderung im Leben eines Unternehmers. Sie bedeutet f\u00fcr ihn eine tragf\u00e4hige L\u00f6sung zu finden, welche sein Lebenswerk mit allen daran h\u00e4ngenden Bindungen und Verbindungen in eine neue Zukunft \u00fcberleitet. Eine der wichtigsten strategischen Aufgaben einer verantwortungs-bewussten Unternehmensf\u00fchrung ist somit die Sicherstellung der Unternehmensnachfolge.<\/p>\n<p>[\/vc_column_text][\/vc_column][\/vc_row][vc_row type=&#8221;container&#8221; padding_top=&#8221;&#8221; padding_bottom=&#8221;&#8221;][vc_column][vc_column_text]<\/p>\n<p style=\"text-align: justify;\">Die besonderen Herausforderungen liegen in einer umfassenden Nachfolgeplanung und insbesondere dabei einen geeigneten Nachfolger zu finden.<\/p>\n<p style=\"text-align: justify;\">Die Umsetzung einer \u201erichtigen\u201c Nachfolgel\u00f6sung bedarf eines ausreichenden zeitlichen Vorlaufs. Je fr\u00fcher sich ein Unternehmer mit der Nachfolgeregelung auseinander setzt, desto mehr Handlungsspielraum steht ihm f\u00fcr die Planung und Umsetzung zur Verf\u00fcgung.<\/p>\n<p>[\/vc_column_text][\/vc_column][\/vc_row][vc_row type=&#8221;container&#8221;][vc_column][vc_column_text]<\/p>\n<h4>Eine\u00a0Unternehmenstransaktion\u00a0ist sehr komplex:<\/h4>\n<ul>\n<li>Unsere Beratungsleistungen erstecken sich \u00fcber den\u00a0gesamten Verlauf einer Unternehmenstransaktion.<\/li>\n<li>Wir f\u00fchren f\u00fcr Sie eine qualifizierte\u00a0Unternehmensbewertung\u00a0durch.<\/li>\n<li>Gemeinsam mit Ihnen strukturieren wir die Transaktion vor und sprechen ganz gezielte potentielle Unternehmensk\u00e4ufer bzw.\u00a0Zielunternehmen\u00a0an.<\/li>\n<li>Wir begleiten Sie im Rahmen der\u00a0Unternehmensanalyse (Due Diligence)\u00a0und<\/li>\n<li>\u00fcbernehmen gerne die\u00a0Verhandlungsf\u00fchrung\u00a0bei der Transaktion.<\/li>\n<li>Das\u00a0Projektmanagement\u00a0rundet unseren Leistungsumfang im Rahmen von Unternehmenstransaktionen ab.<\/li>\n<\/ul>\n<p>Wir sind Spezialisten zur Markterschlie\u00dfung f\u00fcr asiatische Unternehmen in Europa. Auf Basis jahrelanger erfolgreicher Zusammenarbeit mit asiatischen Unternehmen haben wir ein gutes Netzwerk aufgebaut und sind interkulturell versiert.<\/p>\n<p style=\"text-align: justify;\">Wenn Sie ein Unternehmen erwerben m\u00f6chten oder strategisches, anorganisches Wachstum planen, bieten wir unsere qualifizierten, soliden Beratungsleistungen selbstverst\u00e4ndlich auch beim strategischen Unternehmenskauf bzw. bei M&amp;A-Projekten an.<\/p>\n<p>[\/vc_column_text][\/vc_column][\/vc_row][vc_row type=&#8221;container&#8221;][vc_column][vc_separator color=&#8221;#eeeeee&#8221; type=&#8221;normal&#8221; thickness=&#8221;1&#8243; up=&#8221;20&#8243; down=&#8221;30&#8243;][\/vc_column][\/vc_row][vc_row type=&#8221;container&#8221;][vc_column][vc_column_text]<\/p>\n<h5>Unsere Beratungsleistungen im Bereich Unternehmenstransaktionen gliedern sich in folgende Themenfelder:<\/h5>\n<ul>\n<li>Unternehmensnachfolge und Nachfolgeberatung<\/li>\n<li>Unternehmenskauf bei strategischem Gesch\u00e4ftswachstum<\/li>\n<li>Markterschlie\u00dfung f\u00fcr Unternehmen in Asien<\/li>\n<li>Unternehmensbewertung<\/li>\n<li>Ganzheitliche Betreuung einer Unternehmenstransaktion<\/li>\n<li>Unterst\u00fctzung bei der Post-Merger-Integration<\/li>\n<\/ul>\n<p><a href=\"https:\/\/valegra.de\/wp-content\/uploads\/Ablauf_einer_Unternehmenstransaktion.pdf\" target=\"_blank\" rel=\"noopener\">Ablauf einer Unternehmenstransaktion (PDF)<\/a>[\/vc_column_text][\/vc_column][\/vc_row]<\/p>\n<\/div>","protected":false},"excerpt":{"rendered":"<p>[vc_row type=&#8221;container&#8221; padding_top=&#8221;&#8221; padding_bottom=&#8221;&#8221;][vc_column][vc_custom_heading text=&#8221;Nachfolge &amp; Strategische M&amp;A-Projekte&#8221; use_theme_fonts=&#8221;yes&#8221;][vc_column_text] Generationenwechsel im Familienunternehmen &#8211; Unternehmerische Herausforderung &#8211; Vertrauen in Professionalit\u00e4t \u2013 Markterschlie\u00dfung f\u00fcr Unternehmen [\/vc_column_text][\/vc_column][\/vc_row][vc_row type=&#8221;container&#8221; padding_top=&#8221;&#8221; padding_bottom=&#8221;&#8221;][vc_column][vc_column_text] Die Regelung der\u00a0Unternehmensnachfolge\u00a0ist eine einmalige Herausforderung im Leben eines Unternehmers. Sie bedeutet f\u00fcr ihn eine tragf\u00e4hige L\u00f6sung zu finden, welche sein Lebenswerk mit allen daran h\u00e4ngenden Bindungen und [&hellip;]<\/p>\n","protected":false},"author":1,"featured_media":72445,"parent":71545,"menu_order":19,"comment_status":"closed","ping_status":"closed","template":"","meta":{"_acf_changed":false,"footnotes":""},"class_list":["post-70522","page","type-page","status-publish","has-post-thumbnail","hentry"],"acf":[],"_links":{"self":[{"href":"https:\/\/valegra.de\/de\/wp-json\/wp\/v2\/pages\/70522","targetHints":{"allow":["GET"]}}],"collection":[{"href":"https:\/\/valegra.de\/de\/wp-json\/wp\/v2\/pages"}],"about":[{"href":"https:\/\/valegra.de\/de\/wp-json\/wp\/v2\/types\/page"}],"author":[{"embeddable":true,"href":"https:\/\/valegra.de\/de\/wp-json\/wp\/v2\/users\/1"}],"replies":[{"embeddable":true,"href":"https:\/\/valegra.de\/de\/wp-json\/wp\/v2\/comments?post=70522"}],"version-history":[{"count":67,"href":"https:\/\/valegra.de\/de\/wp-json\/wp\/v2\/pages\/70522\/revisions"}],"predecessor-version":[{"id":72759,"href":"https:\/\/valegra.de\/de\/wp-json\/wp\/v2\/pages\/70522\/revisions\/72759"}],"up":[{"embeddable":true,"href":"https:\/\/valegra.de\/de\/wp-json\/wp\/v2\/pages\/71545"}],"wp:featuredmedia":[{"embeddable":true,"href":"https:\/\/valegra.de\/de\/wp-json\/wp\/v2\/media\/72445"}],"wp:attachment":[{"href":"https:\/\/valegra.de\/de\/wp-json\/wp\/v2\/media?parent=70522"}],"curies":[{"name":"wp","href":"https:\/\/api.w.org\/{rel}","templated":true}]}}